{"id":52671,"date":"2025-10-24T08:04:25","date_gmt":"2025-10-24T08:04:25","guid":{"rendered":"https:\/\/www.dhipevents.com\/?page_id=52671"},"modified":"2026-01-22T10:40:28","modified_gmt":"2026-01-22T10:40:28","slug":"eden-konpa-nu-look-2025","status":"publish","type":"page","link":"https:\/\/www.dhipevents.com\/en\/eden-konpa-nu-look-2025\/","title":{"rendered":"EDEN KONPA NU-LOOK 2025"},"content":{"rendered":"<div class=\"brz brz-root__container brz-reset-all brz-root__container-page\">\n<section id=\"ekTwOO0LM_S5_ekTwOO0LM_S5\" class=\"brz-section brz-css-mazc0j brz-css-18pxf3v\">\n<div class=\"brz-section__content brz-section--boxed brz-css-1w7htmo brz-css-17ahcas\" data-brz-custom-id=\"eYo37zmhCrzx\">\n<div class=\"brz-container brz-css-1032ocj brz-css-o0g9a6\">\n<div id=\"\" class=\"brz-css-18j4p93 brz-css-aqznpj brz-wrapper\">\n<div class=\"brz-image brz-css-fmzqs6 brz-css-1y2wjwo\" data-brz-custom-id=\"rCKB3iCslnY0\"><source \/><source \/><img decoding=\"async\" class=\"brz-img\" title=\"LOGO-EDEN3\" src=\"https:\/\/www.dhipevents.com\/wp-content\/uploads\/2025\/10\/LOGO-EDEN3.png\" srcset=\"https:\/\/www.dhipevents.com\/wp-content\/uploads\/2025\/10\/LOGO-EDEN3.png 1x, https:\/\/www.dhipevents.com\/wp-content\/uploads\/2025\/10\/LOGO-EDEN3.png 2x\" alt=\"\" \/><\/div>\n<\/div>\n<div id=\"\" class=\"brz-css-18j4p93 brz-css-1xs7zrr brz-css-j9pnit brz-wrapper\">\n<div class=\"brz-spacer brz-css-toabvg brz-css-10eqff6\"><\/div>\n<\/div>\n<div class=\"brz-row__container brz-css-16kow9z brz-css-f6qm4a\" data-brz-custom-id=\"cFIpoA6dCF9f\">\n<div class=\"brz-row brz-css-lrof45 brz-css-r51koo brz-css-1wh2dvv\">\n<div class=\"brz-columns brz-css-y0mm6z brz-css-whntkc\" data-brz-custom-id=\"r86GYivrpVXd\">\n<div class=\"brz-column__items brz-css-1nh6ti1 brz-css-lb8h3k\">\n<div id=\"\" class=\"brz-css-18j4p93 brz-css-j1t1dw brz-wrapper\">\n<div class=\"brz-rich-text brz-rich-text__custom brz-css-rbd6hj brz-css-psfxw4\" data-brz-custom-id=\"h6hGE53g3xxV\">\n<div data-brz-translate-text=\"1\">\n<p class=\"brz-text-lg-center brz-fss-lg-px brz-fw-lg-700 brz-ls-lg-m_1_5 brz-lh-lg-1_4 brz-vfw-lg-400 brz-fwdth-lg-100 brz-fsft-lg-0 brz-tp-lg-empty brz-ff-overpass brz-ft-google brz-fs-lg-26 brz-css-ap280\" data-uniq-id=\"u3xJv\" data-generated-css=\"brz-css-zGnJh\"><u class=\"brz-cp-color7 brz-underline-true\">R\u00e9servez votre \u00e9v\u00e9nement<\/u><\/p>\n<\/div>\n<\/div>\n<\/div>\n<div id=\"\" class=\"brz-css-18j4p93 brz-css-1xs7zrr brz-css-4u1ud8 brz-wrapper\">\n<div class=\"brz-spacer brz-css-toabvg brz-css-1fcmlh0\"><\/div>\n<\/div>\n<div id=\"\" class=\"brz-css-18j4p93 brz-css-16tmtka brz-wrapper\">\n<div class=\"brz-image brz-css-1i3o5qs brz-css-1a5ejw4\" data-brz-custom-id=\"gsBZdzXftBcC\"><source \/><source \/><img decoding=\"async\" class=\"brz-img\" title=\"WhatsApp Image 2025-10-22 at 20.20.46\" src=\"https:\/\/www.dhipevents.com\/wp-content\/uploads\/2025\/10\/WhatsApp-Image-2025-10-22-at-20.20.46.jpeg\" srcset=\"https:\/\/www.dhipevents.com\/wp-content\/uploads\/2025\/10\/WhatsApp-Image-2025-10-22-at-20.20.46.jpeg 1x, https:\/\/www.dhipevents.com\/wp-content\/uploads\/2025\/10\/WhatsApp-Image-2025-10-22-at-20.20.46.jpeg 2x\" alt=\"\" \/><\/div>\n<\/div>\n<div id=\"\" class=\"brz-css-18j4p93 brz-css-1xs7zrr brz-css-12ursy2 brz-wrapper\">\n<div class=\"brz-spacer brz-css-toabvg brz-css-1lt97nq\"><\/div>\n<\/div>\n<div id=\"\" class=\"brz-css-18j4p93 brz-css-1xs7zrr brz-css-y1mrvb brz-wrapper\">\n<div class=\"brz-spacer brz-css-toabvg brz-css-10hna10\"><\/div>\n<\/div>\n<div id=\"\" class=\"brz-css-18j4p93 brz-css-1xs7zrr brz-css-yeaulo brz-wrapper\">\n<div class=\"brz-spacer brz-css-toabvg brz-css-1lfo5ep\"><\/div>\n<\/div>\n<div id=\"\" class=\"brz-css-18j4p93 brz-css-1xs7zrr brz-css-l01mdn brz-wrapper\">\n<div class=\"brz-spacer brz-css-toabvg brz-css-1jytny8\"><\/div>\n<\/div>\n<div id=\"\" class=\"brz-css-18j4p93 brz-css-f2f70u brz-wrapper\">\n<div class=\"brz-image brz-css-1n5nwq8 brz-css-19c8urn\" data-brz-custom-id=\"xlJc2ZdzQSZZ\"><source \/><source \/><img decoding=\"async\" class=\"brz-img\" title=\"LOGO DHIP EVENTS - OR\" src=\"https:\/\/www.dhipevents.com\/wp-content\/uploads\/2024\/12\/LOGO-DHIP-EVENTS-OR.png\" srcset=\"https:\/\/www.dhipevents.com\/wp-content\/uploads\/2024\/12\/LOGO-DHIP-EVENTS-OR.png 1x, https:\/\/www.dhipevents.com\/wp-content\/uploads\/2024\/12\/LOGO-DHIP-EVENTS-OR.png 2x\" alt=\"\" \/><\/div>\n<\/div>\n<\/div>\n<\/div>\n<div class=\"brz-columns brz-css-y0mm6z brz-css-up4gvc\" data-brz-custom-id=\"yle0DENVNCz7\">\n<div class=\"brz-bg\">\n<div class=\"brz-bg-color\"><\/div>\n<\/div>\n<div class=\"brz-column__items brz-css-1nh6ti1 brz-css-mmqkps\">\n<div id=\"\" class=\"brz-css-18j4p93 brz-css-1xs7zrr brz-css-1i8zkd2 brz-wrapper\">\n<div class=\"brz-spacer brz-css-toabvg brz-css-7zawqk\"><\/div>\n<\/div>\n<div id=\"\" class=\"brz-css-18j4p93 brz-css-1jcamg9 brz-wrapper\">\n<div class=\"brz-wp-shortcode brz-css-xqtfti brz-css-1qbw1r5\" data-brz-custom-id=\"lRpd4PK0vW6E\">\n<div>\n<div class=\"wpcf7 no-js\" id=\"wpcf7-f52670-o1\" lang=\"fr-FR\" dir=\"ltr\" data-wpcf7-id=\"52670\">\n<div class=\"screen-reader-response\"><p role=\"status\" aria-live=\"polite\" aria-atomic=\"true\"><\/p> <ul><\/ul><\/div>\n<form action=\"\/en\/wp-json\/wp\/v2\/pages\/52671#wpcf7-f52670-o1\" method=\"post\" class=\"wpcf7-form init\" aria-label=\"Formulaire de contact\" novalidate=\"novalidate\" data-status=\"init\" data-trp-original-action=\"\/en\/wp-json\/wp\/v2\/pages\/52671#wpcf7-f52670-o1\">\n<fieldset class=\"hidden-fields-container\"><input type=\"hidden\" name=\"_wpcf7\" value=\"52670\" \/><input type=\"hidden\" name=\"_wpcf7_version\" value=\"6.1.6\" \/><input type=\"hidden\" name=\"_wpcf7_locale\" value=\"fr_FR\" \/><input type=\"hidden\" name=\"_wpcf7_unit_tag\" value=\"wpcf7-f52670-o1\" \/><input type=\"hidden\" name=\"_wpcf7_container_post\" value=\"0\" \/><input type=\"hidden\" name=\"_wpcf7_posted_data_hash\" value=\"\" \/><input type=\"hidden\" name=\"_wpcf7_recaptcha_response\" value=\"\" \/>\n<\/fieldset>\n<p><label> Votre entreprise ou organisation*<br \/>\n<span class=\"wpcf7-form-control-wrap\" data-name=\"entreprise\"><input size=\"40\" maxlength=\"400\" class=\"wpcf7-form-control wpcf7-text wpcf7-validates-as-required\" aria-required=\"true\" aria-invalid=\"false\" value=\"\" type=\"text\" name=\"entreprise\" \/><\/span> <\/label>\n<\/p>\n<p><label> Nom et pr\u00e9nom du repr\u00e9sentant*<br \/>\n<span class=\"wpcf7-form-control-wrap\" data-name=\"nom\"><input size=\"40\" maxlength=\"400\" class=\"wpcf7-form-control wpcf7-text wpcf7-validates-as-required\" aria-required=\"true\" aria-invalid=\"false\" value=\"\" type=\"text\" name=\"nom\" \/><\/span> <\/label>\n<\/p>\n<p><label> Position*<br \/>\n<span class=\"wpcf7-form-control-wrap\" data-name=\"fonction\"><input size=\"40\" maxlength=\"400\" class=\"wpcf7-form-control wpcf7-text wpcf7-validates-as-required\" aria-required=\"true\" aria-invalid=\"false\" value=\"\" type=\"text\" name=\"fonction\" \/><\/span> <\/label>\n<\/p>\n<p><label> Votre num\u00e9ro de t\u00e9l\u00e9phone*<br \/>\n<span class=\"wpcf7-form-control-wrap\" data-name=\"phone\"><input size=\"40\" maxlength=\"400\" class=\"wpcf7-form-control wpcf7-text wpcf7-validates-as-required\" aria-required=\"true\" aria-invalid=\"false\" value=\"\" type=\"text\" name=\"phone\" \/><\/span> <\/label>\n<\/p>\n<p><label> Votre e-mail*<br \/>\n<span class=\"wpcf7-form-control-wrap\" data-name=\"email\"><input size=\"40\" maxlength=\"400\" class=\"wpcf7-form-control wpcf7-email wpcf7-validates-as-required wpcf7-text wpcf7-validates-as-email\" aria-required=\"true\" aria-invalid=\"false\" value=\"\" type=\"email\" name=\"email\" \/><\/span> <\/label>\n<\/p>\n<p><label> Votre demande*<br \/>\n<span class=\"wpcf7-form-control-wrap\" data-name=\"demande\"><textarea cols=\"40\" rows=\"10\" maxlength=\"2000\" class=\"wpcf7-form-control wpcf7-textarea\" aria-invalid=\"false\" name=\"demande\"><\/textarea><\/span> <\/label>\n<\/p>\n<p>En cliquant sur \u00ab\u00a0envoyer\u00a0\u00bb vous acceptez nos <a href=\"https:\/\/www.dhipevents.com\/en\/cgu-pc\/\" target=\"_blank\">CGVPS<\/a> - <a href=\"https:\/\/www.dhipevents.com\/en\/cgu-pc\/\" target=\"_blank\">GCU\/PP<\/a>.<br \/>\n<input class=\"wpcf7-form-control wpcf7-submit has-spinner\" type=\"submit\" value=\"Envoyer\" \/>\n<\/p><div class=\"wpcf7-response-output\" aria-hidden=\"true\"><\/div>\n<input type=\"hidden\" name=\"trp-form-language\" value=\"en\"\/><\/form>\n<\/div>\n<\/div>\n<\/div>\n<\/div>\n<div id=\"\" class=\"brz-css-18j4p93 brz-css-1xs7zrr brz-css-1jtjlmh brz-wrapper\">\n<div class=\"brz-spacer brz-css-toabvg brz-css-1ehchhq\"><\/div>\n<\/div>\n<div id=\"\" class=\"brz-css-18j4p93 brz-css-1xs7zrr brz-css-1i5gb6l brz-wrapper\">\n<div class=\"brz-spacer brz-css-toabvg brz-css-2cwf00\"><\/div>\n<\/div>\n<\/div>\n<\/div>\n<\/div>\n<\/div>\n<\/div>\n<\/div>\n<\/section>\n<\/div>\n<p><!-- version:1761293019 --><\/p>","protected":false},"excerpt":{"rendered":"<p>R\u00e9servez votre \u00e9v\u00e9nement<\/p>","protected":false},"author":1,"featured_media":0,"parent":0,"menu_order":0,"comment_status":"closed","ping_status":"closed","template":"brizy-blank-template.php","meta":{"footnotes":""},"class_list":["post-52671","page","type-page","status-publish"],"yoast_head":"<!-- This site is optimized with the Yoast SEO plugin v27.6 - https:\/\/yoast.com\/product\/yoast-seo-wordpress\/ -->\n<title>EDEN KONPA NU-LOOK 2025 &#8211; DHIP EVENTS<\/title>\n<meta name=\"robots\" content=\"index, follow, max-snippet:-1, max-image-preview:large, max-video-preview:-1\" \/>\n<link rel=\"canonical\" href=\"https:\/\/www.dhipevents.com\/en\/eden-konpa-nu-look-2025\/\" \/>\n<meta property=\"og:locale\" content=\"en_US\" \/>\n<meta property=\"og:type\" content=\"article\" \/>\n<meta property=\"og:title\" content=\"EDEN KONPA NU-LOOK 2025 &#8211; DHIP EVENTS\" \/>\n<meta property=\"og:description\" content=\"R\u00e9servez votre \u00e9v\u00e9nement\" \/>\n<meta property=\"og:url\" content=\"https:\/\/www.dhipevents.com\/en\/eden-konpa-nu-look-2025\/\" \/>\n<meta property=\"og:site_name\" content=\"DHIP EVENTS\" \/>\n<meta property=\"article:publisher\" content=\"https:\/\/www.facebook.com\/people\/DHIP-Events\/100083619070980\/\" \/>\n<meta property=\"article:modified_time\" content=\"2026-01-22T10:40:28+00:00\" \/>\n<meta property=\"og:image\" content=\"https:\/\/www.dhipevents.com\/wp-content\/uploads\/2025\/10\/LOGO-EDEN3.png\" \/>\n<meta name=\"twitter:card\" content=\"summary_large_image\" \/>\n<meta name=\"twitter:site\" content=\"@DhipEvents_fr\" \/>\n<meta name=\"twitter:label1\" content=\"Est. reading time\" \/>\n\t<meta name=\"twitter:data1\" content=\"1 minute\" \/>\n<script type=\"application\/ld+json\" class=\"yoast-schema-graph\">{\"@context\":\"https:\\\/\\\/schema.org\",\"@graph\":[{\"@type\":\"WebPage\",\"@id\":\"https:\\\/\\\/www.dhipevents.com\\\/en\\\/eden-konpa-nu-look-2025\\\/\",\"url\":\"https:\\\/\\\/www.dhipevents.com\\\/en\\\/eden-konpa-nu-look-2025\\\/\",\"name\":\"EDEN KONPA NU-LOOK 2025 &#8211; DHIP EVENTS\",\"isPartOf\":{\"@id\":\"https:\\\/\\\/www.dhipevents.com\\\/#website\"},\"primaryImageOfPage\":{\"@id\":\"https:\\\/\\\/www.dhipevents.com\\\/en\\\/eden-konpa-nu-look-2025\\\/#primaryimage\"},\"image\":{\"@id\":\"https:\\\/\\\/www.dhipevents.com\\\/en\\\/eden-konpa-nu-look-2025\\\/#primaryimage\"},\"thumbnailUrl\":\"https:\\\/\\\/www.dhipevents.com\\\/wp-content\\\/uploads\\\/2025\\\/10\\\/LOGO-EDEN3.png\",\"datePublished\":\"2025-10-24T08:04:25+00:00\",\"dateModified\":\"2026-01-22T10:40:28+00:00\",\"breadcrumb\":{\"@id\":\"https:\\\/\\\/www.dhipevents.com\\\/en\\\/eden-konpa-nu-look-2025\\\/#breadcrumb\"},\"inLanguage\":\"en-US\",\"potentialAction\":[{\"@type\":\"ReadAction\",\"target\":[\"https:\\\/\\\/www.dhipevents.com\\\/en\\\/eden-konpa-nu-look-2025\\\/\"]}]},{\"@type\":\"ImageObject\",\"inLanguage\":\"en-US\",\"@id\":\"https:\\\/\\\/www.dhipevents.com\\\/en\\\/eden-konpa-nu-look-2025\\\/#primaryimage\",\"url\":\"https:\\\/\\\/www.dhipevents.com\\\/wp-content\\\/uploads\\\/2025\\\/10\\\/LOGO-EDEN3.png\",\"contentUrl\":\"https:\\\/\\\/www.dhipevents.com\\\/wp-content\\\/uploads\\\/2025\\\/10\\\/LOGO-EDEN3.png\"},{\"@type\":\"BreadcrumbList\",\"@id\":\"https:\\\/\\\/www.dhipevents.com\\\/en\\\/eden-konpa-nu-look-2025\\\/#breadcrumb\",\"itemListElement\":[{\"@type\":\"ListItem\",\"position\":1,\"name\":\"Accueil\",\"item\":\"https:\\\/\\\/www.dhipevents.com\\\/\"},{\"@type\":\"ListItem\",\"position\":2,\"name\":\"EDEN KONPA NU-LOOK 2025\"}]},{\"@type\":\"WebSite\",\"@id\":\"https:\\\/\\\/www.dhipevents.com\\\/#website\",\"url\":\"https:\\\/\\\/www.dhipevents.com\\\/\",\"name\":\"DHIP EVENTS\",\"description\":\"Dhip Events\",\"publisher\":{\"@id\":\"https:\\\/\\\/www.dhipevents.com\\\/#organization\"},\"potentialAction\":[{\"@type\":\"SearchAction\",\"target\":{\"@type\":\"EntryPoint\",\"urlTemplate\":\"https:\\\/\\\/www.dhipevents.com\\\/?s={search_term_string}\"},\"query-input\":{\"@type\":\"PropertyValueSpecification\",\"valueRequired\":true,\"valueName\":\"search_term_string\"}}],\"inLanguage\":\"en-US\"},{\"@type\":\"Organization\",\"@id\":\"https:\\\/\\\/www.dhipevents.com\\\/#organization\",\"name\":\"DHIP EVENTS\",\"url\":\"https:\\\/\\\/www.dhipevents.com\\\/\",\"logo\":{\"@type\":\"ImageObject\",\"inLanguage\":\"en-US\",\"@id\":\"https:\\\/\\\/www.dhipevents.com\\\/#\\\/schema\\\/logo\\\/image\\\/\",\"url\":\"https:\\\/\\\/www.dhipevents.com\\\/wp-content\\\/uploads\\\/2022\\\/09\\\/DHIP-EVENTS-NOIR.png\",\"contentUrl\":\"https:\\\/\\\/www.dhipevents.com\\\/wp-content\\\/uploads\\\/2022\\\/09\\\/DHIP-EVENTS-NOIR.png\",\"width\":851,\"height\":851,\"caption\":\"DHIP EVENTS\"},\"image\":{\"@id\":\"https:\\\/\\\/www.dhipevents.com\\\/#\\\/schema\\\/logo\\\/image\\\/\"},\"sameAs\":[\"https:\\\/\\\/www.facebook.com\\\/people\\\/DHIP-Events\\\/100083619070980\\\/\",\"https:\\\/\\\/x.com\\\/DhipEvents_fr\",\"https:\\\/\\\/www.instagram.com\\\/dhipevents\\\/\",\"https:\\\/\\\/www.youtube.com\\\/@dhipevents\"]}]}<\/script>\n<!-- \/ Yoast SEO plugin. -->","yoast_head_json":{"title":"EDEN KONPA NU-LOOK 2025 &#8211; DHIP EVENTS","robots":{"index":"index","follow":"follow","max-snippet":"max-snippet:-1","max-image-preview":"max-image-preview:large","max-video-preview":"max-video-preview:-1"},"canonical":"https:\/\/www.dhipevents.com\/en\/eden-konpa-nu-look-2025\/","og_locale":"en_US","og_type":"article","og_title":"EDEN KONPA NU-LOOK 2025 &#8211; DHIP EVENTS","og_description":"R\u00e9servez votre \u00e9v\u00e9nement","og_url":"https:\/\/www.dhipevents.com\/en\/eden-konpa-nu-look-2025\/","og_site_name":"DHIP EVENTS","article_publisher":"https:\/\/www.facebook.com\/people\/DHIP-Events\/100083619070980\/","article_modified_time":"2026-01-22T10:40:28+00:00","og_image":[{"url":"https:\/\/www.dhipevents.com\/wp-content\/uploads\/2025\/10\/LOGO-EDEN3.png","type":"","width":"","height":""}],"twitter_card":"summary_large_image","twitter_site":"@DhipEvents_fr","twitter_misc":{"Est. reading time":"1 minute"},"schema":{"@context":"https:\/\/schema.org","@graph":[{"@type":"WebPage","@id":"https:\/\/www.dhipevents.com\/en\/eden-konpa-nu-look-2025\/","url":"https:\/\/www.dhipevents.com\/en\/eden-konpa-nu-look-2025\/","name":"EDEN KONPA NU-LOOK 2025 &#8211; DHIP EVENTS","isPartOf":{"@id":"https:\/\/www.dhipevents.com\/#website"},"primaryImageOfPage":{"@id":"https:\/\/www.dhipevents.com\/en\/eden-konpa-nu-look-2025\/#primaryimage"},"image":{"@id":"https:\/\/www.dhipevents.com\/en\/eden-konpa-nu-look-2025\/#primaryimage"},"thumbnailUrl":"https:\/\/www.dhipevents.com\/wp-content\/uploads\/2025\/10\/LOGO-EDEN3.png","datePublished":"2025-10-24T08:04:25+00:00","dateModified":"2026-01-22T10:40:28+00:00","breadcrumb":{"@id":"https:\/\/www.dhipevents.com\/en\/eden-konpa-nu-look-2025\/#breadcrumb"},"inLanguage":"en-US","potentialAction":[{"@type":"ReadAction","target":["https:\/\/www.dhipevents.com\/en\/eden-konpa-nu-look-2025\/"]}]},{"@type":"ImageObject","inLanguage":"en-US","@id":"https:\/\/www.dhipevents.com\/en\/eden-konpa-nu-look-2025\/#primaryimage","url":"https:\/\/www.dhipevents.com\/wp-content\/uploads\/2025\/10\/LOGO-EDEN3.png","contentUrl":"https:\/\/www.dhipevents.com\/wp-content\/uploads\/2025\/10\/LOGO-EDEN3.png"},{"@type":"BreadcrumbList","@id":"https:\/\/www.dhipevents.com\/en\/eden-konpa-nu-look-2025\/#breadcrumb","itemListElement":[{"@type":"ListItem","position":1,"name":"Accueil","item":"https:\/\/www.dhipevents.com\/"},{"@type":"ListItem","position":2,"name":"EDEN KONPA NU-LOOK 2025"}]},{"@type":"WebSite","@id":"https:\/\/www.dhipevents.com\/#website","url":"https:\/\/www.dhipevents.com\/","name":"DHIP EVENTS","description":"Dhip Events","publisher":{"@id":"https:\/\/www.dhipevents.com\/#organization"},"potentialAction":[{"@type":"SearchAction","target":{"@type":"EntryPoint","urlTemplate":"https:\/\/www.dhipevents.com\/?s={search_term_string}"},"query-input":{"@type":"PropertyValueSpecification","valueRequired":true,"valueName":"search_term_string"}}],"inLanguage":"en-US"},{"@type":"Organization","@id":"https:\/\/www.dhipevents.com\/#organization","name":"DHIP EVENTS","url":"https:\/\/www.dhipevents.com\/","logo":{"@type":"ImageObject","inLanguage":"en-US","@id":"https:\/\/www.dhipevents.com\/#\/schema\/logo\/image\/","url":"https:\/\/www.dhipevents.com\/wp-content\/uploads\/2022\/09\/DHIP-EVENTS-NOIR.png","contentUrl":"https:\/\/www.dhipevents.com\/wp-content\/uploads\/2022\/09\/DHIP-EVENTS-NOIR.png","width":851,"height":851,"caption":"DHIP EVENTS"},"image":{"@id":"https:\/\/www.dhipevents.com\/#\/schema\/logo\/image\/"},"sameAs":["https:\/\/www.facebook.com\/people\/DHIP-Events\/100083619070980\/","https:\/\/x.com\/DhipEvents_fr","https:\/\/www.instagram.com\/dhipevents\/","https:\/\/www.youtube.com\/@dhipevents"]}]}},"brizy_media":[{"id":51062,"url":"https:\/\/www.dhipevents.com\/wp-content\/uploads\/2024\/12\/LOGO-DHIP-EVENTS-OR.png","name":"LOGO-DHIP-EVENTS-OR.png","meta":{"brizy_attachment_uid":"wp-7fc3717f091238a36043bf162ab601c8.png","brizy_post_uid":["b4bc2d3e8726034e733024859ebe9260","dd553a17fdab4684fd08dc5029c9bece","c7c6ca8cb4eaee05edebc606904010d9","903247c4a062932da948ec2ef07983ad","b91c9e1e4a4dbbf85d0dbf1ed825cb6d"]}},{"id":52677,"url":"https:\/\/www.dhipevents.com\/wp-content\/uploads\/2025\/10\/WhatsApp-Image-2025-10-22-at-20.20.46.jpeg","name":"WhatsApp-Image-2025-10-22-at-20.20.46.jpeg","meta":{"brizy_attachment_uid":"wp-923e4fe83580886154aecb42e81b1315.jpeg","brizy_post_uid":["b91c9e1e4a4dbbf85d0dbf1ed825cb6d"]}},{"id":52681,"url":"https:\/\/www.dhipevents.com\/wp-content\/uploads\/2025\/10\/LOGO-EDEN3.png","name":"LOGO-EDEN3.png","meta":{"brizy_attachment_uid":"wp-30d61e2e8c218333389579ead6db2847.png","brizy_post_uid":["b91c9e1e4a4dbbf85d0dbf1ed825cb6d"]}}],"_links":{"self":[{"href":"https:\/\/www.dhipevents.com\/en\/wp-json\/wp\/v2\/pages\/52671","targetHints":{"allow":["GET"]}}],"collection":[{"href":"https:\/\/www.dhipevents.com\/en\/wp-json\/wp\/v2\/pages"}],"about":[{"href":"https:\/\/www.dhipevents.com\/en\/wp-json\/wp\/v2\/types\/page"}],"author":[{"embeddable":true,"href":"https:\/\/www.dhipevents.com\/en\/wp-json\/wp\/v2\/users\/1"}],"replies":[{"embeddable":true,"href":"https:\/\/www.dhipevents.com\/en\/wp-json\/wp\/v2\/comments?post=52671"}],"version-history":[{"count":6,"href":"https:\/\/www.dhipevents.com\/en\/wp-json\/wp\/v2\/pages\/52671\/revisions"}],"predecessor-version":[{"id":52685,"href":"https:\/\/www.dhipevents.com\/en\/wp-json\/wp\/v2\/pages\/52671\/revisions\/52685"}],"wp:attachment":[{"href":"https:\/\/www.dhipevents.com\/en\/wp-json\/wp\/v2\/media?parent=52671"}],"curies":[{"name":"wp","href":"https:\/\/api.w.org\/{rel}","templated":true}]}}